{"id":30,"date":"2015-01-10T14:44:02","date_gmt":"2015-01-10T14:44:02","guid":{"rendered":"http:\/\/localhost:8888\/capinyon\/?page_id=30"},"modified":"2015-04-20T14:24:55","modified_gmt":"2015-04-20T14:24:55","slug":"informations","status":"publish","type":"page","link":"http:\/\/capitole-nyon.ch\/?page_id=30","title":{"rendered":"Contacts"},"content":{"rendered":"<div class=\"col-xs-12 col-sm-5 col-md-5\"><strong>LES CINEMAS CAPITOLE<\/strong><br \/>\nRue Neuve 5<br \/>\nCH-1260 Nyon<br \/>\nT\u00e9l. 022 566 30 71<br \/>\nEmail : <a class=\"texteStandard\" href=\"mailto:info@capitole-nyon.ch\">info@capitole-nyon.ch<\/a><br \/>\n<a href=\"https:\/\/www.facebook.com\/lescinemascapitolenyon\" target=\"_blank\"><img loading=\"lazy\"  class=\"alignnone wp-image-131 img-responsive\" src=\"http:\/\/capitole-nyon.ch\/wp-content\/uploads\/2015\/01\/logo-facebook-300x300.png\" alt=\"logo-facebook\" width=\"40\" height=\"40\" srcset=\"http:\/\/capitole-nyon.ch\/wp-content\/uploads\/2015\/01\/logo-facebook-300x300.png 300w, http:\/\/capitole-nyon.ch\/wp-content\/uploads\/2015\/01\/logo-facebook.png 311w\" sizes=\"(max-width: 40px) 100vw, 40px\" \/ class=\" img-responsive\"><\/a><\/div>\n<div class=\"col-xs-12 col-sm-5 col-md-5\"><strong>Acc\u00e8s<\/strong><br \/>\n5 minutes \u00e0 pied de la gare de Nyon<br \/>\nParking \u00e0 proximit\u00e9 : Parking Perdtemps, gratuit d\u00e8s 19h00<\/div>\n<div class=\"col-xs-12 col-sm-5 col-md-5\"><\/div>\n<div class=\"col-xs-12 col-sm-6 col-md-6\"><iframe loading=\"lazy\" style=\"border: 0px currentColor;\" src=\"https:\/\/www.google.com\/maps\/embed?pb=!1m14!1m8!1m3!1d22018.430100257297!2d6.23835!3d46.3832!3m2!1i1024!2i768!4f13.1!3m3!1m2!1s0x478c42d85adc95d1%3A0xc9d14368a13202fa!2sRue+Neuve+5%2C+1260+Nyon%2C+Suisse!5e0!3m2!1sfr!2sus!4v1420901024079\" width=\"600\" height=\"450\" frameborder=\"0\"><\/iframe><\/div>\n","protected":false},"excerpt":{"rendered":"<p>LES CINEMAS CAPITOLE Rue Neuve 5 CH-1260 Nyon T\u00e9l. 022 566 30 71 Email : info@capitole-nyon.ch Acc\u00e8s 5 minutes \u00e0 pied de la gare de Nyon Parking \u00e0 proximit\u00e9 : Parking Perdtemps, gratuit d\u00e8s 19h00<\/p>\n","protected":false},"author":1,"featured_media":0,"parent":0,"menu_order":0,"comment_status":"open","ping_status":"open","template":"","meta":[],"_links":{"self":[{"href":"http:\/\/capitole-nyon.ch\/index.php?rest_route=\/wp\/v2\/pages\/30"}],"collection":[{"href":"http:\/\/capitole-nyon.ch\/index.php?rest_route=\/wp\/v2\/pages"}],"about":[{"href":"http:\/\/capitole-nyon.ch\/index.php?rest_route=\/wp\/v2\/types\/page"}],"author":[{"embeddable":true,"href":"http:\/\/capitole-nyon.ch\/index.php?rest_route=\/wp\/v2\/users\/1"}],"replies":[{"embeddable":true,"href":"http:\/\/capitole-nyon.ch\/index.php?rest_route=%2Fwp%2Fv2%2Fcomments&post=30"}],"version-history":[{"count":39,"href":"http:\/\/capitole-nyon.ch\/index.php?rest_route=\/wp\/v2\/pages\/30\/revisions"}],"predecessor-version":[{"id":2372,"href":"http:\/\/capitole-nyon.ch\/index.php?rest_route=\/wp\/v2\/pages\/30\/revisions\/2372"}],"wp:attachment":[{"href":"http:\/\/capitole-nyon.ch\/index.php?rest_route=%2Fwp%2Fv2%2Fmedia&parent=30"}],"curies":[{"name":"wp","href":"https:\/\/api.w.org\/{rel}","templated":true}]}}